{"id":457,"date":"2025-09-03T18:26:44","date_gmt":"2025-09-03T18:26:44","guid":{"rendered":"https:\/\/md.korty.org\/?page_id=457"},"modified":"2025-09-03T18:26:44","modified_gmt":"2025-09-03T18:26:44","slug":"sezon-2024-2","status":"publish","type":"page","link":"https:\/\/md.korty.org\/?page_id=457","title":{"rendered":"Sezon 2024"},"content":{"rendered":"<h2>SENIORZY<\/h2>\n<p><strong>1. kolejka<\/strong><\/p>\n<p><strong>Sonic Raszyn : Warszawianka 1 : 3 <\/strong><br \/>\nData meczu: 2024-10-26<br \/>\n50: Albert Siekierka &#8211; Jacek Czerniszewski  3\/6 2\/6<br \/>\n55: Maciej Kalisz &#8211; Cezary Pytel  6\/3 6\/3<br \/>\n60: Walkower dla Warszawianki  0\/6 0\/6 w\/o<br \/>\nDebel: \u0141ukasz Wi\u015bniewski, Siekierka &#8211; Tomasz i Micha\u0142 J\u0119drzejewscy  2\/6 5\/7<\/p>\n<p><strong>Tie Break : Fundacja ECT 0 : 4 <\/strong><br \/>\nData meczu: 2024-10-26<br \/>\n50: Dariusz Wyszy\u0144ski &#8211; Roman D\u0119biec 0\/6 1\/6<br \/>\n55: Jacek \u0141adny &#8211; Krzysztof Doli\u0144ski 6\/7 0\/1 krecz<br \/>\n60: Marek Rataj &#8211; Krzysztof Ry\u0144ski 1\/6 4\/6<br \/>\nDebel: Adam Romer, Wyszy\u0144ski &#8211; Andrzej Dmoch, Artur Wro\u0144ski 2\/6 3\/6<\/p>\n<p><strong>Sp\u00f3jnia Dolna &#8211; Chorten 1 : 3<\/strong><br \/>\nData meczu: 2024-10-26<br \/>\n50: Tomasz Wawrzyniak &#8211; Konrad Kraszewski 3\/6 4\/6<br \/>\n55: Tadeusz Grotowski &#8211; Wojciech Lisek 4\/6 6\/7<br \/>\n60: Krzysztof Samoj\u0142owicz &#8211; Waldemar Lema\u0144ski 6\/1 2\/6 10-7<br \/>\nDebel: Wawrzyniak, Samoj\u0142owicz &#8211; Kraszewski, Lema\u0144ski 4\/6 3\/6<\/p>\n<p><strong>2. kolejka<\/strong><\/p>\n<p><strong>Fundacja ECT &#8211; Chorten 2 : 2<\/strong><br \/>\nData meczu: 2024-11-09<br \/>\n50: Marcin Kraska &#8211; Andrzej Kitlas  6\/0 6\/0<br \/>\n55: Krzysztof Doli\u0144ski &#8211; Andrzej Perkowski  7\/5 6\/0<br \/>\n60: Jarek Szymaniuk &#8211; Waldemar Lema\u0144ski  3\/6 7\/6 10-12<br \/>\nDebel: Jan Szymczak\/ Artur Wro\u0144ski &#8211; Lema\u0144ski\/Perkowski  2\/6 1\/6<\/p>\n<p><strong>Warszawianka : Sp\u00f3jnia Dolna 3 : 1 <\/strong><br \/>\nData meczu: 2024-11-11<br \/>\n50: Jacek Czerniszewski &#8211; Micha\u0142 Niewiadomski  6\/1 6\/0<br \/>\n55: Piotr Raciborski &#8211; Krzysztof Samoj\u0142owicz  0\/6 0\/6 w\/o<br \/>\n60: Pawe\u0142 Gajewicz &#8211; Tomasz Wawrzyniak  6\/4 6\/4<br \/>\nDebel: Czerniszewski\/Micha\u0142 J\u0119drzejewski &#8211; Wawrzyniak\/Samoj\u0142owicz  6\/0 6\/2<\/p>\n<p><strong>ST Tie Break \u2013 Sonic Raszyn 1 : 3<\/strong><br \/>\nData meczu: 2024-11-16<br \/>\n50: Jacek Hawliczek &#8211; Maciej Nowak  0\/6 0\/6<br \/>\n55: Jacek \u0141adny &#8211; Maciej Kalisz  1\/6 0\/6<br \/>\n60: Marek Rataj &#8211; Karol Markiewicz  3\/6 6\/4 10-6<br \/>\nDebel: \u0141adny, Romer &#8211; Siekierka, Nowak  1\/6 0\/6<\/p>\n<p><strong>3. kolejka<\/strong><\/p>\n<p><strong>Warszawianka : Chorten 3 : 1 <\/strong><br \/>\nData meczu: 2024-11-23<br \/>\n50: Micha\u0142 J\u0119drzejewski &#8211; Konrad Kraszewski  6\/3 6\/4<br \/>\n55: Cezary Pytel &#8211; Andrzej Perkowski 6\/0 2\/6 10-2<br \/>\n60: Marek Rataszewski &#8211; Waldemar Lema\u0144ski 4\/6 1\/6<br \/>\nDebel: Jacek Czerniszewski, J\u0119drzejewski &#8211; Kraszewski, Perkowski 6\/3 6\/2<\/p>\n<p><strong>Sonic Raszyn : Fundacja ECT 3 : 1 <\/strong><br \/>\nData meczu: 2024-11-23<br \/>\n50: Albert Siekierka &#8211; Andrzej Dmoch  6\/3 6\/1<br \/>\n55: Maciej Kalisz &#8211; Jarek Szymaniuk  6\/2 6\/2<br \/>\n60: Karol Markiewicz &#8211; Krzysztof Ry\u0144ski  1\/6 4\/6<br \/>\nDebel: Siekierka, Wi\u015bniewski &#8211; Kraska, D\u0119biec  6\/3 6\/2<\/p>\n<p><strong>Tie Break &#8211; Sp\u00f3jnia Dolna 0 : 4 <\/strong><br \/>\nData meczu: 2024-11-30<br \/>\n50: Jacek Hawliczek &#8211; Micha\u0142 Niewiadomski 1\/6 0\/6<br \/>\n55: Jacek \u0141adny &#8211; Tadeusz Grotowski 2\/6 1\/6<br \/>\n60: Marek Rataj &#8211; Krzysztof Samoj\u0142owicz 0\/6 2\/6<br \/>\nDebel: \u0141adny, Hawliczek &#8211; Samoj\u0142owicz, Wawrzyniak 0\/6 0\/6 w\/o<\/p>\n<p><strong>Tabele ko\u0144cowe po fazie grupowej<\/strong><\/p>\n<table border=\"1\" cellpadding=\"5\" cellspacing=\"0\">\n<tr>\n<th style=\"width: 50px\"><\/th>\n<th>Grupa A<\/th>\n<th>Gry<\/th>\n<th>Sety<\/th>\n<\/tr>\n<tr>\n<td>1<\/td>\n<td>Warszawianka<\/td>\n<td>9-3<\/td>\n<td>(18:7)<\/td>\n<\/tr>\n<tr>\n<td>2<\/td>\n<td>Chorten<\/td>\n<td>6-6<\/td>\n<td>(14:13)<\/td>\n<\/tr>\n<tr>\n<td>3<\/td>\n<td>Sp\u00f3jnia Dolna<\/td>\n<td>6-6<\/td>\n<td>(12:13)<\/td>\n<\/tr>\n<\/table>\n<table border=\"1\" cellpadding=\"5\" cellspacing=\"0\">\n<tr>\n<th style=\"width: 50px\"><\/th>\n<th>Grupa B<\/th>\n<th>Gry<\/th>\n<th>Sety<\/th>\n<\/tr>\n<tr>\n<td>1<\/td>\n<td>Sonic Raszyn <\/td>\n<td>7-5<\/td>\n<td>(15:10)<\/td>\n<\/tr>\n<tr>\n<td>2<\/td>\n<td>Fundacja ECT<\/td>\n<td>7-5<\/td>\n<td>(15:10)<\/td>\n<\/tr>\n<tr>\n<td>3<\/td>\n<td>Tie Break<\/td>\n<td>1-11<\/td>\n<td>(2:23)<\/td>\n<\/tr>\n<\/table>\n<p><strong style=\"color: brown\">P\u00f3\u0142fina\u0142y<\/strong><\/p>\n<p><strong>Sonic Raszyn : Chorten 2 : 2<\/strong> <em>(awans Sonic)<\/em><br \/>\nData meczu: 2024-12-07<br \/>\n50: Maciej Nowak &#8211; Konrad Kraszewski  6\/1 6\/4<br \/>\n55: Albert Siekierka &#8211; Andrzej Perkowski  6\/1 6\/1 (zweryfikowany jako 0\/6 0\/6 w\/o)<br \/>\n60: Karol Markiewicz &#8211; Waldemar Lema\u0144ski  2\/6 0\/6<br \/>\nDebel: Nowak, \u0141ukasz Wi\u015bniewski &#8211; Kraszewski, Lema\u0144ski  4\/6 1\/6 (zweryfikowany jako 6\/0 6\/0 w\/o)<br \/>\n<em>* zweryfikowano z powodu wyst\u0119pu nieuprawnionych zawodnik\u00f3w<\/em><\/p>\n<p><strong>Warszawianka : Fundacja ECT 3 : 1 <\/strong><br \/>\nData meczu: 2024-12-07<br \/>\n50: Tomasz J\u0119drzejewski &#8211; Jan Szymczak  6\/3 6\/3<br \/>\n55: Maciej D\u0119bski &#8211; Krzysztof Doli\u0144ski  6\/2 6\/3<br \/>\n60: Marek Rataszewski &#8211; Krzysztof Ry\u0144ski  2\/6 0\/6<br \/>\nDebel: T.J\u0119drzejewski, Micha\u0142 J\u0119drzejewski &#8211; Doli\u0144ski, Szymczak  6\/2 6\/0<\/p>\n<p><strong style=\"color: brown\">Play-Off o miejsca 3-6<\/strong><\/p>\n<p><strong>Fundacja ECT &#8211; Chorten 4 : 0 w\/o<\/strong><br \/>\nData meczu: 2024-12-14 <\/p>\n<p><strong>Tie Break : Sp\u00f3jnia Dolna 1 : 3 <\/strong><br \/>\nData meczu: 2024-12-15<br \/>\n50: Adam Romer &#8211; Micha\u0142 Niewiadomski  0\/6 0\/6<br \/>\n55: Dariusz Wyszy\u0144ski &#8211; Tadeusz Grotowski  3\/6 4\/6<br \/>\n60: Marek Rataj &#8211;  6\/0 6\/0 w\/o<br \/>\nDebel: Romer, Wyszy\u0144ski &#8211; Niewiadomski, Grotowski  2\/6 2\/6<\/p>\n<p><strong style=\"color: brown\">Mecz o 3. miejsce<\/strong><\/p>\n<p><strong>Fundacja ECT : Sp\u00f3jnia Dolna 2 : 2 (5-6)<\/strong><br \/>\nData meczu: 2024-12-28<br \/>\n50: Andrzej Dmoch &#8211; Micha\u0142 Niewiadomski  6\/3 4\/6 8:10<br \/>\n55: Krzysztof Doli\u0144ski &#8211; Tadeusz Grotowski  6\/7 3\/6<br \/>\n60: Krzysztof Ry\u0144ski &#8211; Tomasz Wawrzyniak  7\/6 4\/6 10:6<br \/>\nDebel: Dmoch, Doli\u0144ski &#8211; Niewiadomski, Grotowski  5\/7 6\/3 10:4<\/p>\n<p><strong style=\"color: brown\">Fina\u0142<\/strong><\/p>\n<p><strong>Warszawianka &#8211; Sonic Raszyn 4 : 0<\/strong><br \/>\nData meczu: 2024-12-14<br \/>\n50: Tomasz J\u0119drzejewski &#8211; Maciej Nowak  6\/2 6\/2<br \/>\n55: Maciej D\u0119bski &#8211; Maciej Kalisz  7\/6 6\/2<br \/>\n60: Pawe\u0142 Gajewicz &#8211; Karol Markiewicz  6\/1 6\/0<br \/>\nDebel: Jacek Czerniszewski, Micha\u0142 J\u0119drzejewski &#8211; Kalisz, Nowak 6\/4 6\/0<\/p>\n<p><strong style=\"color: brown;\">Ko\u0144cowa kolejno\u015b\u0107<\/strong><\/p>\n<p>1. Warszawianka<br \/>\n2. Sonic Raszyn<br \/>\n3. Sp\u00f3jnia Dolna<br \/>\n4. Fundacja ECT<br \/>\n5. Chorten<br \/>\n6. Tie Break<\/p>\n","protected":false},"excerpt":{"rendered":"<p>SENIORZY 1. kolejka Sonic Raszyn : Warszawianka 1 : 3 Data meczu: 2024-10-26 50: Albert Siekierka &#8211; Jacek Czerniszewski 3\/6 2\/6 55: Maciej Kalisz &#8211; Cezary Pytel 6\/3 6\/3 60: Walkower dla Warszawianki 0\/6 0\/6 w\/o Debel: \u0141ukasz Wi\u015bniewski, Siekierka &#8211; Tomasz i Micha\u0142 J\u0119drzejewscy 2\/6 5\/7 Tie Break : Fundacja ECT 0 : 4 &#8230; <a title=\"Sezon 2024\" class=\"read-more\" href=\"https:\/\/md.korty.org\/?page_id=457\" aria-label=\"Read more about Sezon 2024\">Dowiedz si\u0119 wi\u0119cej<\/a><\/p>\n","protected":false},"author":1,"featured_media":0,"parent":0,"menu_order":0,"comment_status":"closed","ping_status":"closed","template":"","meta":{"footnotes":""},"class_list":["post-457","page","type-page","status-publish"],"yoast_head":"<!-- This site is optimized with the Yoast SEO plugin v23.5 - https:\/\/yoast.com\/wordpress\/plugins\/seo\/ -->\n<title>Sezon 2024 -<\/title>\n<meta name=\"robots\" content=\"index, follow, max-snippet:-1, max-image-preview:large, max-video-preview:-1\" \/>\n<link rel=\"canonical\" href=\"https:\/\/md.korty.org\/?page_id=457\" \/>\n<meta property=\"og:locale\" content=\"pl_PL\" \/>\n<meta property=\"og:type\" content=\"article\" \/>\n<meta property=\"og:title\" content=\"Sezon 2024 -\" \/>\n<meta property=\"og:description\" content=\"SENIORZY 1. kolejka Sonic Raszyn : Warszawianka 1 : 3 Data meczu: 2024-10-26 50: Albert Siekierka &#8211; Jacek Czerniszewski 3\/6 2\/6 55: Maciej Kalisz &#8211; Cezary Pytel 6\/3 6\/3 60: Walkower dla Warszawianki 0\/6 0\/6 w\/o Debel: \u0141ukasz Wi\u015bniewski, Siekierka &#8211; Tomasz i Micha\u0142 J\u0119drzejewscy 2\/6 5\/7 Tie Break : Fundacja ECT 0 : 4 ... Dowiedz si\u0119 wi\u0119cej\" \/>\n<meta property=\"og:url\" content=\"https:\/\/md.korty.org\/?page_id=457\" \/>\n<meta name=\"twitter:card\" content=\"summary_large_image\" \/>\n<script type=\"application\/ld+json\" class=\"yoast-schema-graph\">{\"@context\":\"https:\/\/schema.org\",\"@graph\":[{\"@type\":\"WebPage\",\"@id\":\"https:\/\/md.korty.org\/?page_id=457\",\"url\":\"https:\/\/md.korty.org\/?page_id=457\",\"name\":\"Sezon 2024 -\",\"isPartOf\":{\"@id\":\"https:\/\/md.korty.org\/#website\"},\"datePublished\":\"2025-09-03T18:26:44+00:00\",\"dateModified\":\"2025-09-03T18:26:44+00:00\",\"breadcrumb\":{\"@id\":\"https:\/\/md.korty.org\/?page_id=457#breadcrumb\"},\"inLanguage\":\"pl-PL\",\"potentialAction\":[{\"@type\":\"ReadAction\",\"target\":[\"https:\/\/md.korty.org\/?page_id=457\"]}]},{\"@type\":\"BreadcrumbList\",\"@id\":\"https:\/\/md.korty.org\/?page_id=457#breadcrumb\",\"itemListElement\":[{\"@type\":\"ListItem\",\"position\":1,\"name\":\"Strona g\u0142\u00f3wna\",\"item\":\"https:\/\/md.korty.org\/\"},{\"@type\":\"ListItem\",\"position\":2,\"name\":\"Sezon 2024\"}]},{\"@type\":\"WebSite\",\"@id\":\"https:\/\/md.korty.org\/#website\",\"url\":\"https:\/\/md.korty.org\/\",\"name\":\"\",\"description\":\"\",\"potentialAction\":[{\"@type\":\"SearchAction\",\"target\":{\"@type\":\"EntryPoint\",\"urlTemplate\":\"https:\/\/md.korty.org\/?s={search_term_string}\"},\"query-input\":{\"@type\":\"PropertyValueSpecification\",\"valueRequired\":true,\"valueName\":\"search_term_string\"}}],\"inLanguage\":\"pl-PL\"}]}<\/script>\n<!-- \/ Yoast SEO plugin. -->","yoast_head_json":{"title":"Sezon 2024 -","robots":{"index":"index","follow":"follow","max-snippet":"max-snippet:-1","max-image-preview":"max-image-preview:large","max-video-preview":"max-video-preview:-1"},"canonical":"https:\/\/md.korty.org\/?page_id=457","og_locale":"pl_PL","og_type":"article","og_title":"Sezon 2024 -","og_description":"SENIORZY 1. kolejka Sonic Raszyn : Warszawianka 1 : 3 Data meczu: 2024-10-26 50: Albert Siekierka &#8211; Jacek Czerniszewski 3\/6 2\/6 55: Maciej Kalisz &#8211; Cezary Pytel 6\/3 6\/3 60: Walkower dla Warszawianki 0\/6 0\/6 w\/o Debel: \u0141ukasz Wi\u015bniewski, Siekierka &#8211; Tomasz i Micha\u0142 J\u0119drzejewscy 2\/6 5\/7 Tie Break : Fundacja ECT 0 : 4 ... Dowiedz si\u0119 wi\u0119cej","og_url":"https:\/\/md.korty.org\/?page_id=457","twitter_card":"summary_large_image","schema":{"@context":"https:\/\/schema.org","@graph":[{"@type":"WebPage","@id":"https:\/\/md.korty.org\/?page_id=457","url":"https:\/\/md.korty.org\/?page_id=457","name":"Sezon 2024 -","isPartOf":{"@id":"https:\/\/md.korty.org\/#website"},"datePublished":"2025-09-03T18:26:44+00:00","dateModified":"2025-09-03T18:26:44+00:00","breadcrumb":{"@id":"https:\/\/md.korty.org\/?page_id=457#breadcrumb"},"inLanguage":"pl-PL","potentialAction":[{"@type":"ReadAction","target":["https:\/\/md.korty.org\/?page_id=457"]}]},{"@type":"BreadcrumbList","@id":"https:\/\/md.korty.org\/?page_id=457#breadcrumb","itemListElement":[{"@type":"ListItem","position":1,"name":"Strona g\u0142\u00f3wna","item":"https:\/\/md.korty.org\/"},{"@type":"ListItem","position":2,"name":"Sezon 2024"}]},{"@type":"WebSite","@id":"https:\/\/md.korty.org\/#website","url":"https:\/\/md.korty.org\/","name":"","description":"","potentialAction":[{"@type":"SearchAction","target":{"@type":"EntryPoint","urlTemplate":"https:\/\/md.korty.org\/?s={search_term_string}"},"query-input":{"@type":"PropertyValueSpecification","valueRequired":true,"valueName":"search_term_string"}}],"inLanguage":"pl-PL"}]}},"_links":{"self":[{"href":"https:\/\/md.korty.org\/index.php?rest_route=\/wp\/v2\/pages\/457","targetHints":{"allow":["GET"]}}],"collection":[{"href":"https:\/\/md.korty.org\/index.php?rest_route=\/wp\/v2\/pages"}],"about":[{"href":"https:\/\/md.korty.org\/index.php?rest_route=\/wp\/v2\/types\/page"}],"author":[{"embeddable":true,"href":"https:\/\/md.korty.org\/index.php?rest_route=\/wp\/v2\/users\/1"}],"replies":[{"embeddable":true,"href":"https:\/\/md.korty.org\/index.php?rest_route=%2Fwp%2Fv2%2Fcomments&post=457"}],"version-history":[{"count":1,"href":"https:\/\/md.korty.org\/index.php?rest_route=\/wp\/v2\/pages\/457\/revisions"}],"predecessor-version":[{"id":458,"href":"https:\/\/md.korty.org\/index.php?rest_route=\/wp\/v2\/pages\/457\/revisions\/458"}],"wp:attachment":[{"href":"https:\/\/md.korty.org\/index.php?rest_route=%2Fwp%2Fv2%2Fmedia&parent=457"}],"curies":[{"name":"wp","href":"https:\/\/api.w.org\/{rel}","templated":true}]}}