{"id":40,"date":"2024-10-07T13:07:40","date_gmt":"2024-10-07T13:07:40","guid":{"rendered":"https:\/\/md.korty.org\/?page_id=40"},"modified":"2025-12-07T22:33:36","modified_gmt":"2025-12-07T22:33:36","slug":"wyniki-seniorzy","status":"publish","type":"page","link":"https:\/\/md.korty.org\/?page_id=40","title":{"rendered":"Seniorzy 50+"},"content":{"rendered":"<p><a href=\"https:\/\/md.korty.org\/?page_id=36\"><button>TERMINARZ<\/button><\/a> <a href=\"https:\/\/md.korty.org\/?page_id=30\"><button>SK\u0141ADY<\/button><\/a><\/p>\n<table>\n<tbody>\n<tr>\n<th>Poz.<\/th>\n<th>Dru\u017cyna<\/th>\n<th>Punkty<\/th>\n<th>Sety<\/th>\n<\/tr>\n<tr>\n<td>1<\/td>\n<td><strong>Warszawianka<\/strong><\/td>\n<td>15-5<\/td>\n<td>31-11<\/td>\n<\/tr>\n<tr>\n<td>2<\/td>\n<td><strong>Sonic Raszyn<\/strong><\/td>\n<td>14-6<\/td>\n<td>29-19<\/td>\n<\/tr>\n<tr>\n<td>3<\/td>\n<td><strong>Fundacja ECT<\/strong><\/td>\n<td>13-7<\/td>\n<td>28-18<\/td>\n<\/tr>\n<tr>\n<td>4<\/td>\n<td><strong>Sp\u00f3jnia Dolna<\/strong><\/td>\n<td>12-8<\/td>\n<td>31-18<\/td>\n<\/tr>\n<tr>\n<td>5<\/td>\n<td><strong>KT Olszynka<\/strong><\/td>\n<td>4-16<\/td>\n<td>13-32<\/td>\n<\/tr>\n<tr>\n<td>6<\/td>\n<td><strong>Tie Break<\/strong><\/td>\n<td>2-18<\/td>\n<td>5-38<\/td>\n<\/tr>\n<\/tbody>\n<\/table>\n<h3>1 kolejka<\/h3>\n<p><strong>Tie Break : Warszawianka 0 : 4 <\/strong><br \/>\nData meczu: 2025-09-20, korty: ST Tiebreak<br \/>\n50: Adam Romer &#8211; Tomasz J\u0119drzejewski 0:6 0:6<br \/>\n55: Jacek Hawliczek &#8211; Micha\u0142 J\u0119drzejewski 0:6 1:6<br \/>\n60: Jacek \u0141adny &#8211; Pawe\u0142 Gajewicz 0:6 1:6<br \/>\nDebel: Hawliczek, Romer &#8211; J\u0119drzejewski, J\u0119drzejewski 0:6 0:6<\/p>\n<p><strong>KT Olszynka \u2013 Sonic Raszyn 0:4<\/strong><br \/>\nData meczu: 2025.09.20, korty: KT Olszynka<br \/>\n50: Dariusz Jednacz &#8211; Grzegorz So\u0142tys 2\/6 0\/6<br \/>\n55: W\u0142odzimierz Brzusek -Ireneusz G\u00f3rka 1\/6 0\/6<br \/>\n60: Waldemar O\u0142dak &#8211; Maciej Kalisz 1\/6 3\/6<br \/>\nDebel: Oskar Maya, Jacek W\u0119glarz &#8211; S\u0142awomir Mr\u00f3z, Albert Siekierka 2\/6 1\/6<\/p>\n<p><strong>Sp\u00f3jnia Dolna : Fundacja ECT 1 : 3 <\/strong><br \/>\nData meczu: 2025-09-20, korty: Sp\u00f3jnia Dolna<br \/>\n50: Leszek Naskrecki &#8211; Marcin Kraska 7\/6 1\/6 8-10<br \/>\n55: Krzysztof Samoj\u0142owicz &#8211; Lubomir Lembas 6\/4 4\/6 10-12<br \/>\n60: Tadeusz Grotowski &#8211; Jaros\u0142aw Szymaniuk 4\/6 1\/6<br \/>\nDebel: Naskr\u0119cki, Tomasz Wawrzyniak &#8211; Kraska, Andrzej Dmoch 6\/2 6\/1<\/p>\n<h3>2 kolejka<\/h3>\n<p><strong>KT Olszynka \u2013 Warszawianka 1 : 3<\/strong><br \/>\nData meczu: 2025-10-11<br \/>\n50: Tomasz Soko\u0142owski &#8211; Jacek Czerniszewski 0\/6 3\/6<br \/>\n55: W\u0142odek Brzusek &#8211; Piotr Rogalewicz 4\/2 krecz Warsz.<br \/>\n60: Darek \u0141ugowski &#8211; Pawe\u0142 Gajewicz 0\/6 0\/6 w\/o<br \/>\nDebel: Brzusek, Jacek W\u0119glarz &#8211; Czerniszewski, Rogalewicz 3\/6 2\/6<\/p>\n<p><strong>Sonic Raszyn : Sp\u00f3jnia Dolna 3 : 1 <\/strong><br \/>\nData meczu: 2025-10-11, korty: Sonic Raszyn<br \/>\n50: Maciej Nowak &#8211; Arkadiusz Rudnicki 2\/6 6\/4 10-5<br \/>\n55: Piotr Gembarowski &#8211; Leszek Naskr\u0119cki 1\/6 6\/3 10-4<br \/>\n60: Karol Markiewicz &#8211; Tomasz Wawrzyniak 0\/6 1\/6<br \/>\nDebel: Grzegorz So\u0142tys, Albert Siekierka &#8211; Naskr\u0119cki, Rudnicki 6\/1 4\/6 10-2<\/p>\n<p><strong>Fundacja ECT : Tie Break 4 : 0 <\/strong><br \/>\nData meczu: 2025-11-08, korty: Forest Tennis Club<br \/>\n50: Andrzej Dmoch &#8211; Andrzej Cebulak 6\/2 6\/4<br \/>\n55: Artur Wro\u0144ski &#8211; Jacek Hawliczek 6\/4 6\/2<br \/>\n60: Jarek Szymaniuk &#8211; Marek Rataj 6\/4 6\/0<br \/>\nDebel: Dmoch, Wro\u0144ski &#8211; Cebulak, Romer wo. dla ECT<\/p>\n<h3>3 kolejka<\/h3>\n<p><strong>Warszawianka \u2013 Fundacja ECT 4 : 0<\/strong><br \/>\nData meczu: 2025-10-25<br \/>\n50: Tomasz J\u0119drzejewski &#8211; Andrzej Dmoch 6\/0 6\/4<br \/>\n55: Jacek Czerniszewski &#8211; Krzysztof Doli\u0144ski 6\/2 6\/1<br \/>\n60: Pawe\u0142 Gajewicz &#8211; Artur Ga\u0142ach 6\/1 6\/2<br \/>\nDebel: Czerniszewski, J\u0119drzejewski &#8211; Doli\u0144ski, Dmoch 6\/1 6\/2<\/p>\n<p><strong>Sp\u00f3jnia Dolna &#8211; KT Olszynka 4 : 0 <\/strong><br \/>\nData meczu: 25.10.2025, korty: Sp\u00f3jnia Dolna<br \/>\n50: Tomasz Wawrzyniak &#8211; Jacek W\u0119glarz 3\/6 5\/3 krecz Olszynki<br \/>\n55: Arkadiusz Rudnicki &#8211; W\u0142odzimierz Brzusek 6\/4 6\/4<br \/>\n60: Leszek Naskr\u0119cki &#8211; brak zawodnika w\/o dla Sp\u00f3jni<br \/>\nDebel: A.Rudnicki, Leszek Naskr\u0119cki &#8211; W.Brzusek, Oskar Maya 6\/1 7\/6<\/p>\n<p><strong>Sonic Raszyn \u2013 Tie Break 3 : 1 <\/strong><br \/>\nData meczu: 2025-10-25<br \/>\n50: S\u0142awomir Mr\u00f3z &#8211; Adam Romer 6\/0, 6\/0<br \/>\n55: Piotr Gembarowski &#8211; Jacek Hawliczek 4\/6, 6\/1 10-4<br \/>\n60: Karol Markiewicz &#8211; Marek Rataj 6\/2 4\/6 7-10<br \/>\nDebel: Mr\u00f3z, Przemys\u0142aw Sykus &#8211; Hawliczek, Romer 3\/0 krecz<\/p>\n<h3>4 kolejka<\/h3>\n<p><strong>Sp\u00f3jnia Dolna \u2013 Warszawianka 2 : 2<\/strong><br \/>\nData meczu: 2025-11-15<br \/>\n50: Leszek Naskr\u0119cki &#8211; Jacek Czerniszewski 0\/6 3\/6<br \/>\n55: Arkadiusz Rudnicki &#8211; Piotr Rogalewicz 7\/6 6\/1<br \/>\n60: Stanis\u0142aw Batorski &#8211; Pawe\u0142 Gajewicz 7\/6 7\/6<br \/>\nDebel: Rudnicki, Naskr\u0119cki &#8211; Czerniszewski, Rogalewicz 2\/6 6\/2 8-10<\/p>\n<p><strong>Sonic Raszyn : Fundacja ECT 2 : 2 <\/strong><br \/>\nData meczu: 2025.11.15, korty: Sonik Raszyn<br \/>\n50: Maciej Nowak &#8211; Marcin Kraska 3\/6 6\/4 10-7<br \/>\n55: Walkower dla Fundacja ECT 0\/6 0\/6 w\/o<br \/>\n60: Karol Markiewicz &#8211; Krzysztof Doli\u0144ski 1\/6 3\/6<br \/>\nDebel: \u0141ukasz Wi\u015bniewski, Przemys\u0142aw Sykus &#8211; Andrzej Dmoch, Doli\u0144ski 6\/3 6\/4<\/p>\n<p><strong>Tie Break : KT Olszynka 1 : 3 <\/strong><br \/>\nData meczu: 2025-11-15, korty: ST Tiebreak<br \/>\n50: Andrzej Cebulak &#8211; Oskar Maya 4\/6 6\/1 6\/4<br \/>\n55: Jacek Hawliczek &#8211; Tomasz Soko\u0142owski 2\/6 4\/6<br \/>\n60: Marek Rataj &#8211; Krzysztof Ry\u0144ski 2\/6 0\/6<br \/>\nDebel: Cebulak, Hawliczak &#8211; Maya, Soko\u0142owski 0\/6 0\/6 w\/o<\/p>\n<h3>5 kolejka<\/h3>\n<p><strong>Warszawianka \u2013 Sonic Raszyn 2 : 2<\/strong><br \/>\nData meczu: 2025-12-06<br \/>\n50: Tomasz J\u0119drzejewski &#8211; Grzegorz So\u0142tys 6\/3 7\/5<br \/>\n55: Piotr Rogalewicz &#8211; Ireneusz G\u00f3rka 1\/6 2\/6<br \/>\n60: Pawe\u0142 Gajewicz &#8211; Maciej Kalisz 6\/1 6\/1<br \/>\nDebel: Czerniszewski, J\u0119drzejewski &#8211; S\u0142\u0105wek Mr\u00f3z, Przemek Sykus 6\/3 3\/6 10-12<\/p>\n<p><strong>Sp\u00f3jnia Dolna \u2013 Tie Break 4 : 0<\/strong><br \/>\nData meczu: 2025-12-06<br \/>\nWalkower dla Sp\u00f3jni Dolnej<\/p>\n<p><strong>Fundacja ECT \u2013 KT Olszynka 4 : 0<\/strong><br \/>\nData meczu: 2025-12-06, korty: Forest Tennis Club<br \/>\n50: Andrzej Dmoch &#8211; Dariusz Jednacz 7\/5 6\/2<br \/>\n55: Krzysztof Doli\u0144ski &#8211; brak zawodnika w\/o dla ECT<br \/>\n60: Jarek Szymaniuk &#8211; Krzysztof Ry\u0144ski 6\/1 6\/1<br \/>\nDebel: Dmoch, Doli\u0144ski &#8211; Jacek W\u0119glarz, Oskar Maya 3\/6 6\/2 12:10<\/p>\n","protected":false},"excerpt":{"rendered":"<p>TERMINARZ SK\u0141ADY Poz. Dru\u017cyna Punkty Sety 1 Warszawianka 15-5 31-11 2 Sonic Raszyn 14-6 29-19 3 Fundacja ECT 13-7 28-18 4 Sp\u00f3jnia Dolna 12-8 31-18 5 KT Olszynka 4-16 13-32 6 Tie Break 2-18 5-38 1 kolejka Tie Break : Warszawianka 0 : 4 Data meczu: 2025-09-20, korty: ST Tiebreak 50: Adam Romer &#8211; Tomasz &#8230; <a title=\"Seniorzy 50+\" class=\"read-more\" href=\"https:\/\/md.korty.org\/?page_id=40\" aria-label=\"Read more about Seniorzy 50+\">Dowiedz si\u0119 wi\u0119cej<\/a><\/p>\n","protected":false},"author":1,"featured_media":0,"parent":0,"menu_order":0,"comment_status":"closed","ping_status":"closed","template":"","meta":{"footnotes":""},"class_list":["post-40","page","type-page","status-publish"],"yoast_head":"<!-- This site is optimized with the Yoast SEO plugin v23.5 - https:\/\/yoast.com\/wordpress\/plugins\/seo\/ -->\n<title>Seniorzy 50+ -<\/title>\n<meta name=\"robots\" content=\"index, follow, max-snippet:-1, max-image-preview:large, max-video-preview:-1\" \/>\n<link rel=\"canonical\" href=\"https:\/\/md.korty.org\/?page_id=40\" \/>\n<meta property=\"og:locale\" content=\"pl_PL\" \/>\n<meta property=\"og:type\" content=\"article\" \/>\n<meta property=\"og:title\" content=\"Seniorzy 50+ -\" \/>\n<meta property=\"og:description\" content=\"TERMINARZ SK\u0141ADY Poz. Dru\u017cyna Punkty Sety 1 Warszawianka 15-5 31-11 2 Sonic Raszyn 14-6 29-19 3 Fundacja ECT 13-7 28-18 4 Sp\u00f3jnia Dolna 12-8 31-18 5 KT Olszynka 4-16 13-32 6 Tie Break 2-18 5-38 1 kolejka Tie Break : Warszawianka 0 : 4 Data meczu: 2025-09-20, korty: ST Tiebreak 50: Adam Romer &#8211; Tomasz ... Dowiedz si\u0119 wi\u0119cej\" \/>\n<meta property=\"og:url\" content=\"https:\/\/md.korty.org\/?page_id=40\" \/>\n<meta property=\"article:modified_time\" content=\"2025-12-07T22:33:36+00:00\" \/>\n<meta name=\"twitter:card\" content=\"summary_large_image\" \/>\n<meta name=\"twitter:label1\" content=\"Szacowany czas czytania\" \/>\n\t<meta name=\"twitter:data1\" content=\"4 minuty\" \/>\n<script type=\"application\/ld+json\" class=\"yoast-schema-graph\">{\"@context\":\"https:\/\/schema.org\",\"@graph\":[{\"@type\":\"WebPage\",\"@id\":\"https:\/\/md.korty.org\/?page_id=40\",\"url\":\"https:\/\/md.korty.org\/?page_id=40\",\"name\":\"Seniorzy 50+ -\",\"isPartOf\":{\"@id\":\"https:\/\/md.korty.org\/#website\"},\"datePublished\":\"2024-10-07T13:07:40+00:00\",\"dateModified\":\"2025-12-07T22:33:36+00:00\",\"breadcrumb\":{\"@id\":\"https:\/\/md.korty.org\/?page_id=40#breadcrumb\"},\"inLanguage\":\"pl-PL\",\"potentialAction\":[{\"@type\":\"ReadAction\",\"target\":[\"https:\/\/md.korty.org\/?page_id=40\"]}]},{\"@type\":\"BreadcrumbList\",\"@id\":\"https:\/\/md.korty.org\/?page_id=40#breadcrumb\",\"itemListElement\":[{\"@type\":\"ListItem\",\"position\":1,\"name\":\"Strona g\u0142\u00f3wna\",\"item\":\"https:\/\/md.korty.org\/\"},{\"@type\":\"ListItem\",\"position\":2,\"name\":\"Seniorzy 50+\"}]},{\"@type\":\"WebSite\",\"@id\":\"https:\/\/md.korty.org\/#website\",\"url\":\"https:\/\/md.korty.org\/\",\"name\":\"\",\"description\":\"\",\"potentialAction\":[{\"@type\":\"SearchAction\",\"target\":{\"@type\":\"EntryPoint\",\"urlTemplate\":\"https:\/\/md.korty.org\/?s={search_term_string}\"},\"query-input\":{\"@type\":\"PropertyValueSpecification\",\"valueRequired\":true,\"valueName\":\"search_term_string\"}}],\"inLanguage\":\"pl-PL\"}]}<\/script>\n<!-- \/ Yoast SEO plugin. -->","yoast_head_json":{"title":"Seniorzy 50+ -","robots":{"index":"index","follow":"follow","max-snippet":"max-snippet:-1","max-image-preview":"max-image-preview:large","max-video-preview":"max-video-preview:-1"},"canonical":"https:\/\/md.korty.org\/?page_id=40","og_locale":"pl_PL","og_type":"article","og_title":"Seniorzy 50+ -","og_description":"TERMINARZ SK\u0141ADY Poz. Dru\u017cyna Punkty Sety 1 Warszawianka 15-5 31-11 2 Sonic Raszyn 14-6 29-19 3 Fundacja ECT 13-7 28-18 4 Sp\u00f3jnia Dolna 12-8 31-18 5 KT Olszynka 4-16 13-32 6 Tie Break 2-18 5-38 1 kolejka Tie Break : Warszawianka 0 : 4 Data meczu: 2025-09-20, korty: ST Tiebreak 50: Adam Romer &#8211; Tomasz ... Dowiedz si\u0119 wi\u0119cej","og_url":"https:\/\/md.korty.org\/?page_id=40","article_modified_time":"2025-12-07T22:33:36+00:00","twitter_card":"summary_large_image","twitter_misc":{"Szacowany czas czytania":"4 minuty"},"schema":{"@context":"https:\/\/schema.org","@graph":[{"@type":"WebPage","@id":"https:\/\/md.korty.org\/?page_id=40","url":"https:\/\/md.korty.org\/?page_id=40","name":"Seniorzy 50+ -","isPartOf":{"@id":"https:\/\/md.korty.org\/#website"},"datePublished":"2024-10-07T13:07:40+00:00","dateModified":"2025-12-07T22:33:36+00:00","breadcrumb":{"@id":"https:\/\/md.korty.org\/?page_id=40#breadcrumb"},"inLanguage":"pl-PL","potentialAction":[{"@type":"ReadAction","target":["https:\/\/md.korty.org\/?page_id=40"]}]},{"@type":"BreadcrumbList","@id":"https:\/\/md.korty.org\/?page_id=40#breadcrumb","itemListElement":[{"@type":"ListItem","position":1,"name":"Strona g\u0142\u00f3wna","item":"https:\/\/md.korty.org\/"},{"@type":"ListItem","position":2,"name":"Seniorzy 50+"}]},{"@type":"WebSite","@id":"https:\/\/md.korty.org\/#website","url":"https:\/\/md.korty.org\/","name":"","description":"","potentialAction":[{"@type":"SearchAction","target":{"@type":"EntryPoint","urlTemplate":"https:\/\/md.korty.org\/?s={search_term_string}"},"query-input":{"@type":"PropertyValueSpecification","valueRequired":true,"valueName":"search_term_string"}}],"inLanguage":"pl-PL"}]}},"_links":{"self":[{"href":"https:\/\/md.korty.org\/index.php?rest_route=\/wp\/v2\/pages\/40","targetHints":{"allow":["GET"]}}],"collection":[{"href":"https:\/\/md.korty.org\/index.php?rest_route=\/wp\/v2\/pages"}],"about":[{"href":"https:\/\/md.korty.org\/index.php?rest_route=\/wp\/v2\/types\/page"}],"author":[{"embeddable":true,"href":"https:\/\/md.korty.org\/index.php?rest_route=\/wp\/v2\/users\/1"}],"replies":[{"embeddable":true,"href":"https:\/\/md.korty.org\/index.php?rest_route=%2Fwp%2Fv2%2Fcomments&post=40"}],"version-history":[{"count":56,"href":"https:\/\/md.korty.org\/index.php?rest_route=\/wp\/v2\/pages\/40\/revisions"}],"predecessor-version":[{"id":675,"href":"https:\/\/md.korty.org\/index.php?rest_route=\/wp\/v2\/pages\/40\/revisions\/675"}],"wp:attachment":[{"href":"https:\/\/md.korty.org\/index.php?rest_route=%2Fwp%2Fv2%2Fmedia&parent=40"}],"curies":[{"name":"wp","href":"https:\/\/api.w.org\/{rel}","templated":true}]}}