{"id":36,"date":"2024-10-07T13:06:33","date_gmt":"2024-10-07T13:06:33","guid":{"rendered":"https:\/\/md.korty.org\/?page_id=36"},"modified":"2025-10-26T11:19:21","modified_gmt":"2025-10-26T11:19:21","slug":"terminarz-seniorzy","status":"publish","type":"page","link":"https:\/\/md.korty.org\/?page_id=36","title":{"rendered":"Seniorzy 50+"},"content":{"rendered":"<p><a href=\"https:\/\/md.korty.org\/?page_id=30\"><button>SK\u0141ADY<\/button><\/a> <a href=\"https:\/\/md.korty.org\/?page_id=40\"><button>WYNIKI<\/button><\/a><\/p>\n<p><strong>Kolejka 1<\/strong><br \/>\n20.09.2025 Tie Break \u2013 Warszawianka<br \/>\n20.09.2025 KT Olszynka \u2013 Sonic Raszyn<br \/>\n20.09.2025 Sp\u00f3jnia Dolna \u2013 Fundacja ECT<\/p>\n<p><strong>Kolejka 2<\/strong><br \/>\n11.10.2025 KT Olszynka \u2013 Warszawianka<br \/>\n08.11.2025 Fundacja ECT \u2013 Tie Break<br \/>\n11.10.2025 Sonic Raszyn \u2013 Sp\u00f3jnia Dolna<\/p>\n<p><strong>Kolejka 3<\/strong><br \/>\n25.10.2025 Warszawianka \u2013 Fundacja ECT<br \/>\n25.10.2025 Sp\u00f3jnia Dolna  &#8211; KT Olszynka<br \/>\n25.10.2025 Sonic Raszyn \u2013 Tie Break <\/p>\n<p><strong>Kolejka 4<\/strong><br \/>\n15.11.2025 Sp\u00f3jnia Dolna \u2013 Warszawianka<br \/>\n15.11.2025 Sonic Raszyn \u2013 Fundacja ECT<br \/>\n15.11.2025 Tie Break \u2013 KT Olszynka<\/p>\n<p><strong>Kolejka 5<\/strong><br \/>\n06.12.2025 Warszawianka \u2013 Sonic Raszyn<br \/>\n06.12.2025 Sp\u00f3jnia Dolna \u2013 Tie Break<br \/>\n06.12.2025 Fundacja ECT \u2013 KT Olszynka<\/p>\n<p><em>Uwaga! Z lewej strony gospodarze mecz\u00f3w.<\/em><\/p>\n","protected":false},"excerpt":{"rendered":"<p>SK\u0141ADY WYNIKI Kolejka 1 20.09.2025 Tie Break \u2013 Warszawianka 20.09.2025 KT Olszynka \u2013 Sonic Raszyn 20.09.2025 Sp\u00f3jnia Dolna \u2013 Fundacja ECT Kolejka 2 11.10.2025 KT Olszynka \u2013 Warszawianka 08.11.2025 Fundacja ECT \u2013 Tie Break 11.10.2025 Sonic Raszyn \u2013 Sp\u00f3jnia Dolna Kolejka 3 25.10.2025 Warszawianka \u2013 Fundacja ECT 25.10.2025 Sp\u00f3jnia Dolna &#8211; KT Olszynka 25.10.2025 Sonic &#8230; <a title=\"Seniorzy 50+\" class=\"read-more\" href=\"https:\/\/md.korty.org\/?page_id=36\" aria-label=\"Read more about Seniorzy 50+\">Dowiedz si\u0119 wi\u0119cej<\/a><\/p>\n","protected":false},"author":1,"featured_media":0,"parent":0,"menu_order":0,"comment_status":"closed","ping_status":"closed","template":"","meta":{"footnotes":""},"class_list":["post-36","page","type-page","status-publish"],"yoast_head":"<!-- This site is optimized with the Yoast SEO plugin v23.5 - https:\/\/yoast.com\/wordpress\/plugins\/seo\/ -->\n<title>Seniorzy 50+ -<\/title>\n<meta name=\"robots\" content=\"index, follow, max-snippet:-1, max-image-preview:large, max-video-preview:-1\" \/>\n<link rel=\"canonical\" href=\"https:\/\/md.korty.org\/?page_id=36\" \/>\n<meta property=\"og:locale\" content=\"pl_PL\" \/>\n<meta property=\"og:type\" content=\"article\" \/>\n<meta property=\"og:title\" content=\"Seniorzy 50+ -\" \/>\n<meta property=\"og:description\" content=\"SK\u0141ADY WYNIKI Kolejka 1 20.09.2025 Tie Break \u2013 Warszawianka 20.09.2025 KT Olszynka \u2013 Sonic Raszyn 20.09.2025 Sp\u00f3jnia Dolna \u2013 Fundacja ECT Kolejka 2 11.10.2025 KT Olszynka \u2013 Warszawianka 08.11.2025 Fundacja ECT \u2013 Tie Break 11.10.2025 Sonic Raszyn \u2013 Sp\u00f3jnia Dolna Kolejka 3 25.10.2025 Warszawianka \u2013 Fundacja ECT 25.10.2025 Sp\u00f3jnia Dolna &#8211; KT Olszynka 25.10.2025 Sonic ... Dowiedz si\u0119 wi\u0119cej\" \/>\n<meta property=\"og:url\" content=\"https:\/\/md.korty.org\/?page_id=36\" \/>\n<meta property=\"article:modified_time\" content=\"2025-10-26T11:19:21+00:00\" \/>\n<meta name=\"twitter:card\" content=\"summary_large_image\" \/>\n<meta name=\"twitter:label1\" content=\"Szacowany czas czytania\" \/>\n\t<meta name=\"twitter:data1\" content=\"1 minuta\" \/>\n<script type=\"application\/ld+json\" class=\"yoast-schema-graph\">{\"@context\":\"https:\/\/schema.org\",\"@graph\":[{\"@type\":\"WebPage\",\"@id\":\"https:\/\/md.korty.org\/?page_id=36\",\"url\":\"https:\/\/md.korty.org\/?page_id=36\",\"name\":\"Seniorzy 50+ -\",\"isPartOf\":{\"@id\":\"https:\/\/md.korty.org\/#website\"},\"datePublished\":\"2024-10-07T13:06:33+00:00\",\"dateModified\":\"2025-10-26T11:19:21+00:00\",\"breadcrumb\":{\"@id\":\"https:\/\/md.korty.org\/?page_id=36#breadcrumb\"},\"inLanguage\":\"pl-PL\",\"potentialAction\":[{\"@type\":\"ReadAction\",\"target\":[\"https:\/\/md.korty.org\/?page_id=36\"]}]},{\"@type\":\"BreadcrumbList\",\"@id\":\"https:\/\/md.korty.org\/?page_id=36#breadcrumb\",\"itemListElement\":[{\"@type\":\"ListItem\",\"position\":1,\"name\":\"Strona g\u0142\u00f3wna\",\"item\":\"https:\/\/md.korty.org\/\"},{\"@type\":\"ListItem\",\"position\":2,\"name\":\"Seniorzy 50+\"}]},{\"@type\":\"WebSite\",\"@id\":\"https:\/\/md.korty.org\/#website\",\"url\":\"https:\/\/md.korty.org\/\",\"name\":\"\",\"description\":\"\",\"potentialAction\":[{\"@type\":\"SearchAction\",\"target\":{\"@type\":\"EntryPoint\",\"urlTemplate\":\"https:\/\/md.korty.org\/?s={search_term_string}\"},\"query-input\":{\"@type\":\"PropertyValueSpecification\",\"valueRequired\":true,\"valueName\":\"search_term_string\"}}],\"inLanguage\":\"pl-PL\"}]}<\/script>\n<!-- \/ Yoast SEO plugin. -->","yoast_head_json":{"title":"Seniorzy 50+ -","robots":{"index":"index","follow":"follow","max-snippet":"max-snippet:-1","max-image-preview":"max-image-preview:large","max-video-preview":"max-video-preview:-1"},"canonical":"https:\/\/md.korty.org\/?page_id=36","og_locale":"pl_PL","og_type":"article","og_title":"Seniorzy 50+ -","og_description":"SK\u0141ADY WYNIKI Kolejka 1 20.09.2025 Tie Break \u2013 Warszawianka 20.09.2025 KT Olszynka \u2013 Sonic Raszyn 20.09.2025 Sp\u00f3jnia Dolna \u2013 Fundacja ECT Kolejka 2 11.10.2025 KT Olszynka \u2013 Warszawianka 08.11.2025 Fundacja ECT \u2013 Tie Break 11.10.2025 Sonic Raszyn \u2013 Sp\u00f3jnia Dolna Kolejka 3 25.10.2025 Warszawianka \u2013 Fundacja ECT 25.10.2025 Sp\u00f3jnia Dolna &#8211; KT Olszynka 25.10.2025 Sonic ... Dowiedz si\u0119 wi\u0119cej","og_url":"https:\/\/md.korty.org\/?page_id=36","article_modified_time":"2025-10-26T11:19:21+00:00","twitter_card":"summary_large_image","twitter_misc":{"Szacowany czas czytania":"1 minuta"},"schema":{"@context":"https:\/\/schema.org","@graph":[{"@type":"WebPage","@id":"https:\/\/md.korty.org\/?page_id=36","url":"https:\/\/md.korty.org\/?page_id=36","name":"Seniorzy 50+ -","isPartOf":{"@id":"https:\/\/md.korty.org\/#website"},"datePublished":"2024-10-07T13:06:33+00:00","dateModified":"2025-10-26T11:19:21+00:00","breadcrumb":{"@id":"https:\/\/md.korty.org\/?page_id=36#breadcrumb"},"inLanguage":"pl-PL","potentialAction":[{"@type":"ReadAction","target":["https:\/\/md.korty.org\/?page_id=36"]}]},{"@type":"BreadcrumbList","@id":"https:\/\/md.korty.org\/?page_id=36#breadcrumb","itemListElement":[{"@type":"ListItem","position":1,"name":"Strona g\u0142\u00f3wna","item":"https:\/\/md.korty.org\/"},{"@type":"ListItem","position":2,"name":"Seniorzy 50+"}]},{"@type":"WebSite","@id":"https:\/\/md.korty.org\/#website","url":"https:\/\/md.korty.org\/","name":"","description":"","potentialAction":[{"@type":"SearchAction","target":{"@type":"EntryPoint","urlTemplate":"https:\/\/md.korty.org\/?s={search_term_string}"},"query-input":{"@type":"PropertyValueSpecification","valueRequired":true,"valueName":"search_term_string"}}],"inLanguage":"pl-PL"}]}},"_links":{"self":[{"href":"https:\/\/md.korty.org\/index.php?rest_route=\/wp\/v2\/pages\/36","targetHints":{"allow":["GET"]}}],"collection":[{"href":"https:\/\/md.korty.org\/index.php?rest_route=\/wp\/v2\/pages"}],"about":[{"href":"https:\/\/md.korty.org\/index.php?rest_route=\/wp\/v2\/types\/page"}],"author":[{"embeddable":true,"href":"https:\/\/md.korty.org\/index.php?rest_route=\/wp\/v2\/users\/1"}],"replies":[{"embeddable":true,"href":"https:\/\/md.korty.org\/index.php?rest_route=%2Fwp%2Fv2%2Fcomments&post=36"}],"version-history":[{"count":20,"href":"https:\/\/md.korty.org\/index.php?rest_route=\/wp\/v2\/pages\/36\/revisions"}],"predecessor-version":[{"id":591,"href":"https:\/\/md.korty.org\/index.php?rest_route=\/wp\/v2\/pages\/36\/revisions\/591"}],"wp:attachment":[{"href":"https:\/\/md.korty.org\/index.php?rest_route=%2Fwp%2Fv2%2Fmedia&parent=36"}],"curies":[{"name":"wp","href":"https:\/\/api.w.org\/{rel}","templated":true}]}}