{"id":28,"date":"2024-10-07T13:00:00","date_gmt":"2024-10-07T13:00:00","guid":{"rendered":"https:\/\/md.korty.org\/?page_id=28"},"modified":"2025-12-07T13:16:37","modified_gmt":"2025-12-07T13:16:37","slug":"zgloszenia-amatorzy","status":"publish","type":"page","link":"https:\/\/md.korty.org\/?page_id=28","title":{"rendered":"Amatorzy"},"content":{"rendered":"<p><a href=\"https:\/\/md.korty.org\/?page_id=38\"><button>WYNIKI<\/button><\/a> <a href=\"https:\/\/md.korty.org\/?page_id=34\"><button>TERMINARZ<\/button><\/a><\/p>\n<p><strong>KT Warszawianka<\/strong> \u2713<\/p>\n<ol>\n<li>Micha\u0142 Podle\u015bny, open<\/li>\n<li>Mariusz Kozica, open<\/li>\n<li>Filip Gorloff, open<\/li>\n<li>Tomasz J\u0119drzejewski, open<\/li>\n<li>Jacek Czerniszewski, open_amator<\/li>\n<li>Micha\u0142 J\u0119drzejewski, open<\/li>\n<li>Dan Champion, open_amator<\/li>\n<li>Jacek Lipa, open_amator<\/li>\n<li>Albert Siekierka, open_amator<\/li>\n<\/ol>\n<p><strong>ST Tie Break<\/strong> \u2713<\/p>\n<ol>\n<li>Cezary Lasota, open<\/li>\n<li>Micha\u0142 Mo\u015bcicki, open<\/li>\n<li>Andrzej Sobkowicz, open_amator<\/li>\n<li>Marcin Ward\u0119ga, open_amator<\/li>\n<li>Janusz Mazur, open_amator<\/li>\n<li>Micha\u0142 Pietrzakowski, open_amator<\/li>\n<li>Adam Malecki, open_amator<\/li>\n<li>Piotr Piecha, open_amator<\/li>\n<li>Krzysztof S\u0142omski, open_amator<\/li>\n<\/ol>\n<p><strong>KT Olszynka<\/strong> \u2713<\/p>\n<ol>\n<li>Mariusz Orlikowski, open<\/li>\n<li>Pawe\u0142 Malendowicz, open<\/li>\n<li>Maciek Jasie\u0144ski, open<\/li>\n<li>Sebastian Pietrzak, open<\/li>\n<li>Jakub Tomczyk, open<\/li>\n<li>Tymoteusz Kaczmarek, open_amator<\/li>\n<li>Miko\u0142aj Mielcarz, open_amator<\/li>\n<li>Marcin Siperek, open_amator<\/li>\n<li>Bartek Gorczycki, open_amator<\/li>\n<\/ol>\n<p><strong>KT Orze\u0142<\/strong><\/p>\n<ol>\n<li>Artur Romanowski, open<\/li>\n<li>Igor Romanowski, open<\/li>\n<li>S\u0142awomir Szeremeta, open<\/li>\n<li>Piotr Cia\u0142kowski, open<\/li>\n<li>Piotr Jasielski, open<\/li>\n<li>Maciej Maksymiuk, open<\/li>\n<li>Marcin Gruszewski, open<\/li>\n<li>Tomasz Soko\u0142owski, open_amator<\/li>\n<li>Marek Zadro\u017cny, open_amator<\/li>\n<li>Mariusz Smater, open_amator<\/li>\n<li>Marek Szamocki, open_amator<\/li>\n<li>Piotr Szyszko, open_amator<\/li>\n<\/ol>\n<p><strong>Park Tennis Academy<\/strong><\/p>\n<ol>\n<li>Jakub Grzys, open<\/li>\n<li>Szymon Marcinkowski, open<\/li>\n<li>Janek Twarowski, open<\/li>\n<li>Piotrek K\u0142os, open<\/li>\n<li>Gabriel St\u0119pie\u0144, open_amator<\/li>\n<li>Piotrek Daszczy\u0144ski, open_amator<\/li>\n<li>\u0141ukasz Sypu\u0142a, open_amator<\/li>\n<li>Leszek Marcinkowski, open_amator<\/li>\n<li>Jaros\u0142aw Czech, open_amator<\/li>\n<li>Tomasz G\u0105ska, open<\/li>\n<li>Jaros\u0142aw Gajda, open<\/li>\n<\/ol>\n<p><strong>Morelowa TC<\/strong> \u2713<\/p>\n<ol>\n<li>Kuba Markowski, open<\/li>\n<li>Kacper Celeda, open<\/li>\n<li>Rafa\u0142 Kabulski, open<\/li>\n<li>Jacek Kalinowski, open<\/li>\n<li>Jan Pa\u0142czy\u0144ski, open_amator<\/li>\n<li>Patryk Sadowski, open_amator<\/li>\n<li>Adrian Osak, open_amator<\/li>\n<li>Krzysztof Zbyrasz, open_amator<\/li>\n<\/ol>\n<p><strong>ATZ TenisPoint<\/strong> \u2713<\/p>\n<ol>\n<li>Aleksander Ba\u0142os, open<\/li>\n<li>Hubert Parchomiuk, open<\/li>\n<li>Mateusz Ba\u0144bu\u0142a, open<\/li>\n<li>Jaros\u0142aw Weso\u0142owski, open<\/li>\n<li>Adam Chili\u0144ski, open<\/li>\n<li>Marek \u0141owkis, open<\/li>\n<li>Jan Adrjanowski, open<\/li>\n<li>Majczyna Barbara, open<\/li>\n<li>J\u0119drzej Bielanowicz, open_amator<\/li>\n<li>Maciej Nowak, open_amator<\/li>\n<li>Maciej Michalik, open_amator<\/li>\n<li>Piotr Raciborski, open_amator<\/li>\n<\/ol>\n<p><strong>KT Break<\/strong> \u2713<\/p>\n<ol>\n<li>Maciej Wysocki, open<\/li>\n<li>Andrzej Morawski, open<\/li>\n<li>Wojciech Stuchlik, open<\/li>\n<li>Micha\u0142 Caruk, open<\/li>\n<li>Maciej Sikora, open_amator<\/li>\n<li>Jakub Walewski, open_amator<\/li>\n<li>Micha\u0142 Stosio, open_amator<\/li>\n<li>Hubert Jaworski, open_amator<\/li>\n<li>Andrzej Gawenda, open_amator<\/li>\n<li>Maciej Dowbor, open_amator<\/li>\n<li>Magda Morawska, open_amator<\/li>\n<\/ol>\n<p><strong>Arena Tenisa Piaseczno<\/strong> \u2713<\/p>\n<ol>\n<li>Patryk Stokowski open<\/li>\n<li>Rafa\u0142 Sitarz open amator<\/li>\n<li>\u2060Rados\u0142aw Jonczyk open amator<\/li>\n<li>Michele Innocente open amator<\/li>\n<li>Szymon Wdzi\u0119ko\u0144ski open amator<\/li>\n<li>\u2060Jakub Kubik open amator<\/li>\n<li>S\u0142awek Mr\u00f3z open amator<\/li>\n<li>\u2060Robert Sieka\u0144ski open amator<\/li>\n<li>Marcin Walewski open amator<\/li>\n<li>Marcin Wolszakiewicz open amator<\/li>\n<li>Kamil Dudek\u00a0open\u00a0amator<\/li>\n<li><del> \u2060Miko\u0142aj Tomczykowski open<\/del> <i>zawodnik nieuprawniony<\/i><\/li>\n<\/ol>\n<p><strong>Sp\u00f3jnia Dolna<\/strong> \u2713<\/p>\n<ol>\n<li>Maksymilian Samoj\u0142owicz, open<\/li>\n<li>Kamil W\u00f3jcik, open<\/li>\n<li>Micha\u0142 P\u0142atos, open<\/li>\n<li>Tomasz Sarnecki, open<\/li>\n<li>Igor Deyna, open<\/li>\n<li>Wojciech Nowak, open<\/li>\n<li>Arkadiusz Rudnicki, open_amator<\/li>\n<li>Maciej Chylewski, open_amator<\/li>\n<li>Leszek Naskr\u0119cki, open_amator<\/li>\n<li>Tomasz Wawrzyniak, open_amator<\/li>\n<li>Krzysztof Samoj\u0142owicz, open_amator<\/li>\n<li>Andrzej Lis, open_amator<\/li>\n<\/ol>\n","protected":false},"excerpt":{"rendered":"<p>WYNIKI TERMINARZ KT Warszawianka \u2713 Micha\u0142 Podle\u015bny, open Mariusz Kozica, open Filip Gorloff, open Tomasz J\u0119drzejewski, open Jacek Czerniszewski, open_amator Micha\u0142 J\u0119drzejewski, open Dan Champion, open_amator Jacek Lipa, open_amator Albert Siekierka, open_amator ST Tie Break \u2713 Cezary Lasota, open Micha\u0142 Mo\u015bcicki, open Andrzej Sobkowicz, open_amator Marcin Ward\u0119ga, open_amator Janusz Mazur, open_amator Micha\u0142 Pietrzakowski, open_amator Adam &#8230; <a title=\"Amatorzy\" class=\"read-more\" href=\"https:\/\/md.korty.org\/?page_id=28\" aria-label=\"Read more about Amatorzy\">Dowiedz si\u0119 wi\u0119cej<\/a><\/p>\n","protected":false},"author":1,"featured_media":0,"parent":0,"menu_order":0,"comment_status":"closed","ping_status":"closed","template":"","meta":{"footnotes":""},"class_list":["post-28","page","type-page","status-publish"],"yoast_head":"<!-- This site is optimized with the Yoast SEO plugin v23.5 - https:\/\/yoast.com\/wordpress\/plugins\/seo\/ -->\n<title>Amatorzy -<\/title>\n<meta name=\"robots\" content=\"index, follow, max-snippet:-1, max-image-preview:large, max-video-preview:-1\" \/>\n<link rel=\"canonical\" href=\"https:\/\/md.korty.org\/?page_id=28\" \/>\n<meta property=\"og:locale\" content=\"pl_PL\" \/>\n<meta property=\"og:type\" content=\"article\" \/>\n<meta property=\"og:title\" content=\"Amatorzy -\" \/>\n<meta property=\"og:description\" content=\"WYNIKI TERMINARZ KT Warszawianka \u2713 Micha\u0142 Podle\u015bny, open Mariusz Kozica, open Filip Gorloff, open Tomasz J\u0119drzejewski, open Jacek Czerniszewski, open_amator Micha\u0142 J\u0119drzejewski, open Dan Champion, open_amator Jacek Lipa, open_amator Albert Siekierka, open_amator ST Tie Break \u2713 Cezary Lasota, open Micha\u0142 Mo\u015bcicki, open Andrzej Sobkowicz, open_amator Marcin Ward\u0119ga, open_amator Janusz Mazur, open_amator Micha\u0142 Pietrzakowski, open_amator Adam ... Dowiedz si\u0119 wi\u0119cej\" \/>\n<meta property=\"og:url\" content=\"https:\/\/md.korty.org\/?page_id=28\" \/>\n<meta property=\"article:modified_time\" content=\"2025-12-07T13:16:37+00:00\" \/>\n<meta name=\"twitter:card\" content=\"summary_large_image\" \/>\n<meta name=\"twitter:label1\" content=\"Szacowany czas czytania\" \/>\n\t<meta name=\"twitter:data1\" content=\"3 minuty\" \/>\n<script type=\"application\/ld+json\" class=\"yoast-schema-graph\">{\"@context\":\"https:\/\/schema.org\",\"@graph\":[{\"@type\":\"WebPage\",\"@id\":\"https:\/\/md.korty.org\/?page_id=28\",\"url\":\"https:\/\/md.korty.org\/?page_id=28\",\"name\":\"Amatorzy -\",\"isPartOf\":{\"@id\":\"https:\/\/md.korty.org\/#website\"},\"datePublished\":\"2024-10-07T13:00:00+00:00\",\"dateModified\":\"2025-12-07T13:16:37+00:00\",\"breadcrumb\":{\"@id\":\"https:\/\/md.korty.org\/?page_id=28#breadcrumb\"},\"inLanguage\":\"pl-PL\",\"potentialAction\":[{\"@type\":\"ReadAction\",\"target\":[\"https:\/\/md.korty.org\/?page_id=28\"]}]},{\"@type\":\"BreadcrumbList\",\"@id\":\"https:\/\/md.korty.org\/?page_id=28#breadcrumb\",\"itemListElement\":[{\"@type\":\"ListItem\",\"position\":1,\"name\":\"Strona g\u0142\u00f3wna\",\"item\":\"https:\/\/md.korty.org\/\"},{\"@type\":\"ListItem\",\"position\":2,\"name\":\"Amatorzy\"}]},{\"@type\":\"WebSite\",\"@id\":\"https:\/\/md.korty.org\/#website\",\"url\":\"https:\/\/md.korty.org\/\",\"name\":\"\",\"description\":\"\",\"potentialAction\":[{\"@type\":\"SearchAction\",\"target\":{\"@type\":\"EntryPoint\",\"urlTemplate\":\"https:\/\/md.korty.org\/?s={search_term_string}\"},\"query-input\":{\"@type\":\"PropertyValueSpecification\",\"valueRequired\":true,\"valueName\":\"search_term_string\"}}],\"inLanguage\":\"pl-PL\"}]}<\/script>\n<!-- \/ Yoast SEO plugin. -->","yoast_head_json":{"title":"Amatorzy -","robots":{"index":"index","follow":"follow","max-snippet":"max-snippet:-1","max-image-preview":"max-image-preview:large","max-video-preview":"max-video-preview:-1"},"canonical":"https:\/\/md.korty.org\/?page_id=28","og_locale":"pl_PL","og_type":"article","og_title":"Amatorzy -","og_description":"WYNIKI TERMINARZ KT Warszawianka \u2713 Micha\u0142 Podle\u015bny, open Mariusz Kozica, open Filip Gorloff, open Tomasz J\u0119drzejewski, open Jacek Czerniszewski, open_amator Micha\u0142 J\u0119drzejewski, open Dan Champion, open_amator Jacek Lipa, open_amator Albert Siekierka, open_amator ST Tie Break \u2713 Cezary Lasota, open Micha\u0142 Mo\u015bcicki, open Andrzej Sobkowicz, open_amator Marcin Ward\u0119ga, open_amator Janusz Mazur, open_amator Micha\u0142 Pietrzakowski, open_amator Adam ... Dowiedz si\u0119 wi\u0119cej","og_url":"https:\/\/md.korty.org\/?page_id=28","article_modified_time":"2025-12-07T13:16:37+00:00","twitter_card":"summary_large_image","twitter_misc":{"Szacowany czas czytania":"3 minuty"},"schema":{"@context":"https:\/\/schema.org","@graph":[{"@type":"WebPage","@id":"https:\/\/md.korty.org\/?page_id=28","url":"https:\/\/md.korty.org\/?page_id=28","name":"Amatorzy -","isPartOf":{"@id":"https:\/\/md.korty.org\/#website"},"datePublished":"2024-10-07T13:00:00+00:00","dateModified":"2025-12-07T13:16:37+00:00","breadcrumb":{"@id":"https:\/\/md.korty.org\/?page_id=28#breadcrumb"},"inLanguage":"pl-PL","potentialAction":[{"@type":"ReadAction","target":["https:\/\/md.korty.org\/?page_id=28"]}]},{"@type":"BreadcrumbList","@id":"https:\/\/md.korty.org\/?page_id=28#breadcrumb","itemListElement":[{"@type":"ListItem","position":1,"name":"Strona g\u0142\u00f3wna","item":"https:\/\/md.korty.org\/"},{"@type":"ListItem","position":2,"name":"Amatorzy"}]},{"@type":"WebSite","@id":"https:\/\/md.korty.org\/#website","url":"https:\/\/md.korty.org\/","name":"","description":"","potentialAction":[{"@type":"SearchAction","target":{"@type":"EntryPoint","urlTemplate":"https:\/\/md.korty.org\/?s={search_term_string}"},"query-input":{"@type":"PropertyValueSpecification","valueRequired":true,"valueName":"search_term_string"}}],"inLanguage":"pl-PL"}]}},"_links":{"self":[{"href":"https:\/\/md.korty.org\/index.php?rest_route=\/wp\/v2\/pages\/28","targetHints":{"allow":["GET"]}}],"collection":[{"href":"https:\/\/md.korty.org\/index.php?rest_route=\/wp\/v2\/pages"}],"about":[{"href":"https:\/\/md.korty.org\/index.php?rest_route=\/wp\/v2\/types\/page"}],"author":[{"embeddable":true,"href":"https:\/\/md.korty.org\/index.php?rest_route=\/wp\/v2\/users\/1"}],"replies":[{"embeddable":true,"href":"https:\/\/md.korty.org\/index.php?rest_route=%2Fwp%2Fv2%2Fcomments&post=28"}],"version-history":[{"count":55,"href":"https:\/\/md.korty.org\/index.php?rest_route=\/wp\/v2\/pages\/28\/revisions"}],"predecessor-version":[{"id":673,"href":"https:\/\/md.korty.org\/index.php?rest_route=\/wp\/v2\/pages\/28\/revisions\/673"}],"wp:attachment":[{"href":"https:\/\/md.korty.org\/index.php?rest_route=%2Fwp%2Fv2%2Fmedia&parent=28"}],"curies":[{"name":"wp","href":"https:\/\/api.w.org\/{rel}","templated":true}]}}